{"id":54487,"date":"2026-05-15T13:52:12","date_gmt":"2026-05-15T11:52:12","guid":{"rendered":"https:\/\/www.repscan.com\/?page_id=54487"},"modified":"2026-05-15T13:53:20","modified_gmt":"2026-05-15T11:53:20","slug":"blog","status":"publish","type":"page","link":"https:\/\/www.repscan.com\/pt-pt\/blog\/","title":{"rendered":"[1] Blog | Reputa\u00e7\u00e3o digital online"},"content":{"rendered":"\t\t<div data-elementor-type=\"wp-page\" data-elementor-id=\"54487\" class=\"elementor elementor-54487 elementor-41066\" data-elementor-post-type=\"page\">\n\t\t\t\t\t\t<section data-particle_enable=\"false\" data-particle-mobile-disabled=\"false\" class=\"elementor-section elementor-top-section elementor-element elementor-element-106cdd7 elementor-section-stretched elementor-section-boxed elementor-section-height-default elementor-section-height-default\" data-id=\"106cdd7\" data-element_type=\"section\" data-e-type=\"section\" data-settings=\"{&quot;stretch_section&quot;:&quot;section-stretched&quot;,&quot;background_background&quot;:&quot;gradient&quot;}\">\n\t\t\t\t\t\t<div class=\"elementor-container elementor-column-gap-default\">\n\t\t\t\t\t<div class=\"elementor-column elementor-col-100 elementor-top-column elementor-element elementor-element-8a8327c\" data-id=\"8a8327c\" data-element_type=\"column\" data-e-type=\"column\">\n\t\t\t<div class=\"elementor-widget-wrap elementor-element-populated\">\n\t\t\t\t\t\t<div class=\"elementor-element elementor-element-306a696 elementor-widget elementor-widget-text-editor\" data-id=\"306a696\" data-element_type=\"widget\" data-e-type=\"widget\" data-widget_type=\"text-editor.default\">\n\t\t\t\t<div class=\"elementor-widget-container\">\n\t\t\t\t\t\t\t\t\t<p>REPSCAN BLOG<\/p>\t\t\t\t\t\t\t\t<\/div>\n\t\t\t\t<\/div>\n\t\t\t\t<div class=\"elementor-element elementor-element-5ea735e elementor-widget elementor-widget-heading\" data-id=\"5ea735e\" data-element_type=\"widget\" data-e-type=\"widget\" data-widget_type=\"heading.default\">\n\t\t\t\t<div class=\"elementor-widget-container\">\n\t\t\t\t\t<h2 class=\"elementor-heading-title elementor-size-default\">Tout ce dont vous avez besoin pour prot\u00e9ger votre r\u00e9putation num\u00e9rique\n<\/h2>\t\t\t\t<\/div>\n\t\t\t\t<\/div>\n\t\t\t\t\t<\/div>\n\t\t<\/div>\n\t\t\t\t\t<\/div>\n\t\t<\/section>\n\t\t\t\t<section data-particle_enable=\"false\" data-particle-mobile-disabled=\"false\" class=\"elementor-section elementor-top-section elementor-element elementor-element-9e1bbd0 elementor-section-stretched elementor-section-boxed elementor-section-height-default elementor-section-height-default\" data-id=\"9e1bbd0\" data-element_type=\"section\" data-e-type=\"section\" data-settings=\"{&quot;stretch_section&quot;:&quot;section-stretched&quot;,&quot;background_background&quot;:&quot;classic&quot;}\">\n\t\t\t\t\t\t<div class=\"elementor-container elementor-column-gap-default\">\n\t\t\t\t\t<div class=\"elementor-column elementor-col-100 elementor-top-column elementor-element elementor-element-581ab28\" data-id=\"581ab28\" data-element_type=\"column\" data-e-type=\"column\">\n\t\t\t<div class=\"elementor-widget-wrap elementor-element-populated\">\n\t\t\t\t\t\t<div class=\"elementor-element elementor-element-f69abf3 elementor-widget elementor-widget-spacer\" data-id=\"f69abf3\" data-element_type=\"widget\" data-e-type=\"widget\" data-widget_type=\"spacer.default\">\n\t\t\t\t<div class=\"elementor-widget-container\">\n\t\t\t\t\t\t\t<div class=\"elementor-spacer\">\n\t\t\t<div class=\"elementor-spacer-inner\"><\/div>\n\t\t<\/div>\n\t\t\t\t\t\t<\/div>\n\t\t\t\t<\/div>\n\t\t\t\t<div class=\"elementor-element elementor-element-f720d08 elementor-widget elementor-widget-eael-post-list\" data-id=\"f720d08\" data-element_type=\"widget\" data-e-type=\"widget\" data-widget_type=\"eael-post-list.default\">\n\t\t\t\t<div class=\"elementor-widget-container\">\n\t\t\t\t\t<div class=\"eael-post-list-container advanced layout-advanced\"><div class=\"eael-post-list-header\"><div class=\"post-categories eael-categories-layout-horizontal\" data-nonce=\"37862ebc79\" data-page-id=\"54487\" data-widget-id=\"f720d08\" data-widget=\"f720d08\" data-class=\"Essential_Addons_Elementor\\Pro\\Elements\\Post_List\" data-args=\"orderby=date&amp;order=desc&amp;ignore_sticky_posts=1&amp;post_status=publish&amp;posts_per_page=48&amp;offset=0&amp;post_type=post\" data-settings=\"eael_post_list_post_feature_image=yes&amp;eael_post_list_post_meta=yes&amp;eael_post_list_post_title=yes&amp;eael_post_list_post_excerpt=&amp;eael_post_list_pagination=navigation&amp;eael_post_list_layout_type=advanced&amp;eael_post_list_post_cat=&amp;eael_post_list_author_meta=&amp;eael_post_list_title_tag=h2&amp;eael_post_featured_image_size=full&amp;eael_post_list_show_last_modified=no\" data-page=\"1\" data-scroll-on-pagination=\"1\" data-scroll-offset=\"100\" data-template=\"{&quot;dir&quot;:&quot;pro&quot;,&quot;file_name&quot;:&quot;advanced.php&quot;,&quot;name&quot;:&quot;Post-List&quot;}\" data-breakpoints=\"{&quot;mobile&quot;:{&quot;label&quot;:&quot;Mobile ao alto&quot;,&quot;value&quot;:767,&quot;direction&quot;:&quot;max&quot;},&quot;tablet&quot;:{&quot;label&quot;:&quot;Tablet Portrait&quot;,&quot;value&quot;:1024,&quot;direction&quot;:&quot;max&quot;},&quot;desktop&quot;:{&quot;label&quot;:&quot;Desktop&quot;,&quot;value&quot;:1025,&quot;direction&quot;:&quot;min&quot;}}\" data-layout-settings=\"{&quot;mobile&quot;:&quot;vertical&quot;,&quot;tablet&quot;:&quot;horizontal&quot;,&quot;desktop&quot;:&quot;horizontal&quot;}\">\n                            <a href=\"javascript:;\" data-taxonomy=\"all\" data-id=\"\" class=\"active post-list-filter-item post-list-cat-f720d08\">Tout<\/a><\/div><div class=\"post-list-ajax-search-form\">\n                            <form action=\"\" id=\"post-list-search-form-f720d08\" autocomplete=\"off\">\n                                <input type=\"hidden\" name=\"post_type\" value=\"post\">\n                                <input type=\"text\" value=\"\" placeholder=\"Search\" name=\"search_key\" id=\"search_field\">\n                                <i class=\"fa fa-search\"><\/i>\n                            <\/form>\n                            <div class=\"result-posts-wrapper\"><\/div>\n                        <\/div><\/div><div class=\"eael-post-list-wrap\"><div class=\"eael-post-list-posts-wrap eael-post-appender eael-post-appender-f720d08\"><div class=\"eael-post-list-post \"><div class=\"eael-post-list-post-inner\"><div class=\"eael-post-list-thumbnail \"><a href=\"https:\/\/www.repscan.com\/pt-pt\/blog\/que-fazer-se-o-criticam-com-mentiras-no-trustpilot\/\">\n                <img decoding=\"async\" src=\"https:\/\/www.repscan.com\/wp-content\/uploads\/2026\/04\/trustipilot-mentiras-resenas.webp\" alt=\"trustipilot mentiras rese\u00f1as\">\n            <\/a><\/div><div class=\"eael-post-list-content\"><h2 class=\"eael-post-list-title\"><a href=\"https:\/\/www.repscan.com\/pt-pt\/blog\/que-fazer-se-o-criticam-com-mentiras-no-trustpilot\/\" >Que fazer se o criticam com mentiras no Trustpilot<\/a><\/h2><div class=\"meta\"><span class=\"eael-post-published-date\"><i class=\"far fa-calendar-alt\"><\/i> 13 de Maio de 2026<\/span><\/div><div class=\"boxed-meta\"><\/div><\/div><\/div><\/div><\/div><\/div>\n\t\t<\/div><div data-nonce=\"37862ebc79\" class=\"post-list-pagination\" data-widget-id=\"f720d08\" data-widget=\"f720d08\" data-page-id=\"54487\" data-class=\"Essential_Addons_Elementor\\Pro\\Elements\\Post_List\" data-args=\"orderby=date&amp;order=desc&amp;ignore_sticky_posts=1&amp;post_status=publish&amp;posts_per_page=48&amp;offset=0&amp;post_type=post\" data-settings=\"eael_post_list_post_feature_image=yes&amp;eael_post_list_post_meta=yes&amp;eael_post_list_post_title=yes&amp;eael_post_list_post_excerpt=&amp;eael_post_list_pagination=navigation&amp;eael_post_list_layout_type=advanced&amp;eael_post_list_post_cat=&amp;eael_post_list_author_meta=&amp;eael_post_list_title_tag=h2&amp;eael_post_featured_image_size=full&amp;eael_post_list_show_last_modified=no\" data-page=\"1\" data-scroll-on-pagination=\"1\" data-scroll-offset=\"100\" data-template=\"{&quot;dir&quot;:&quot;pro&quot;,&quot;file_name&quot;:&quot;advanced.php&quot;,&quot;name&quot;:&quot;Post-List&quot;}\">\n            <button class=\"btn btn-prev-post\" id=\"post-nav-prev-f720d08\" disabled=\"true\" aria-label=\"previous\"><i aria-hidden=\"true\" class=\"fas fa-angle-left\"><\/i><\/button><button class=\"btn btn-next-post\" id=\"post-nav-next-f720d08\" aria-label=\"next\"><i aria-hidden=\"true\" class=\"fas fa-angle-right\"><\/i><\/button>\n        <\/div>\t\t\t\t<\/div>\n\t\t\t\t<\/div>\n\t\t\t\t\t<\/div>\n\t\t<\/div>\n\t\t\t\t\t<\/div>\n\t\t<\/section>\n\t\t\t\t<section data-particle_enable=\"false\" data-particle-mobile-disabled=\"false\" class=\"elementor-section elementor-top-section elementor-element elementor-element-1327ddd elementor-section-full_width elementor-section-height-default elementor-section-height-default\" data-id=\"1327ddd\" data-element_type=\"section\" data-e-type=\"section\">\n\t\t\t\t\t\t<div class=\"elementor-container elementor-column-gap-default\">\n\t\t\t\t\t<div class=\"elementor-column elementor-col-100 elementor-top-column elementor-element elementor-element-14a0610 elementor-hidden-phone\" data-id=\"14a0610\" data-element_type=\"column\" data-e-type=\"column\">\n\t\t\t<div class=\"elementor-widget-wrap elementor-element-populated\">\n\t\t\t\t\t\t<div class=\"elementor-element elementor-element-73451f3 elementor-widget elementor-widget-elementskit-category-list\" data-id=\"73451f3\" data-element_type=\"widget\" data-e-type=\"widget\" data-widget_type=\"elementskit-category-list.default\">\n\t\t\t\t<div class=\"elementor-widget-container\">\n\t\t\t\t\t<div class=\"ekit-wid-con\" >\t\t<ul class=\"elementor-icon-list-items\">\n\t\t\t\t\t<\/ul>\n\t\t<\/div>\t\t\t\t<\/div>\n\t\t\t\t<\/div>\n\t\t\t\t<div class=\"elementor-element elementor-element-459f0b6 elementor-widget elementor-widget-spacer\" data-id=\"459f0b6\" data-element_type=\"widget\" data-e-type=\"widget\" data-widget_type=\"spacer.default\">\n\t\t\t\t<div class=\"elementor-widget-container\">\n\t\t\t\t\t\t\t<div class=\"elementor-spacer\">\n\t\t\t<div class=\"elementor-spacer-inner\"><\/div>\n\t\t<\/div>\n\t\t\t\t\t\t<\/div>\n\t\t\t\t<\/div>\n\t\t\t\t\t<\/div>\n\t\t<\/div>\n\t\t\t\t\t<\/div>\n\t\t<\/section>\n\t\t\t\t<\/div>\n\t\t","protected":false},"excerpt":{"rendered":"","protected":false},"author":29,"featured_media":0,"parent":0,"menu_order":0,"comment_status":"closed","ping_status":"closed","template":"","meta":{"_mbp_gutenberg_autopost":false,"footnotes":""},"class_list":["post-54487","page","type-page","status-publish","hentry","infinite-scroll-item"],"yoast_head":"<!-- This site is optimized with the Yoast SEO plugin v27.5 - https:\/\/yoast.com\/product\/yoast-seo-wordpress\/ -->\n<title>[1] Blog | Reputa\u00e7\u00e3o digital online | RepScan<\/title>\n<meta name=\"description\" content=\"As melhores estrat\u00e9gias para melhorar a sua reputa\u00e7\u00e3o e eliminar conte\u00fados prejudiciais da internet\" \/>\n<meta name=\"robots\" content=\"index, follow, max-snippet:-1, max-image-preview:large, max-video-preview:-1\" \/>\n<link rel=\"canonical\" href=\"https:\/\/www.repscan.com\/pt-pt\/blog\/\" \/>\n<meta property=\"og:locale\" content=\"pt_PT\" \/>\n<meta property=\"og:type\" content=\"article\" \/>\n<meta property=\"og:title\" content=\"[1] Blog | Reputa\u00e7\u00e3o digital online | RepScan\" \/>\n<meta property=\"og:description\" content=\"As melhores estrat\u00e9gias para melhorar a sua reputa\u00e7\u00e3o e eliminar conte\u00fados prejudiciais da internet\" \/>\n<meta property=\"og:url\" content=\"https:\/\/www.repscan.com\/pt-pt\/blog\/\" \/>\n<meta property=\"og:site_name\" content=\"RepScan\" \/>\n<meta property=\"article:modified_time\" content=\"2026-05-15T11:53:20+00:00\" \/>\n<meta property=\"og:image\" content=\"https:\/\/www.repscan.com\/wp-content\/uploads\/2023\/03\/videos-robados-webcammers-23-e1741853430332.jpg\" \/>\n<meta name=\"twitter:card\" content=\"summary_large_image\" \/>\n<meta name=\"twitter:label1\" content=\"Tempo estimado de leitura\" \/>\n\t<meta name=\"twitter:data1\" content=\"3 minutos\" \/>\n<script type=\"application\/ld+json\" class=\"yoast-schema-graph\">{\"@context\":\"https:\\\/\\\/schema.org\",\"@graph\":[{\"@type\":\"WebPage\",\"@id\":\"https:\\\/\\\/www.repscan.com\\\/pt-pt\\\/blog\\\/\",\"url\":\"https:\\\/\\\/www.repscan.com\\\/pt-pt\\\/blog\\\/\",\"name\":\"[1] Blog | Reputa\u00e7\u00e3o digital online | RepScan\",\"isPartOf\":{\"@id\":\"https:\\\/\\\/www.repscan.com\\\/pt-pt\\\/#website\"},\"primaryImageOfPage\":{\"@id\":\"https:\\\/\\\/www.repscan.com\\\/pt-pt\\\/blog\\\/#primaryimage\"},\"image\":{\"@id\":\"https:\\\/\\\/www.repscan.com\\\/pt-pt\\\/blog\\\/#primaryimage\"},\"thumbnailUrl\":\"https:\\\/\\\/www.repscan.com\\\/wp-content\\\/uploads\\\/2023\\\/03\\\/videos-robados-webcammers-23-e1741853430332.jpg\",\"datePublished\":\"2026-05-15T11:52:12+00:00\",\"dateModified\":\"2026-05-15T11:53:20+00:00\",\"description\":\"As melhores estrat\u00e9gias para melhorar a sua reputa\u00e7\u00e3o e eliminar conte\u00fados prejudiciais da internet\",\"breadcrumb\":{\"@id\":\"https:\\\/\\\/www.repscan.com\\\/pt-pt\\\/blog\\\/#breadcrumb\"},\"inLanguage\":\"pt-PT\",\"potentialAction\":[{\"@type\":\"ReadAction\",\"target\":[\"https:\\\/\\\/www.repscan.com\\\/pt-pt\\\/blog\\\/\"]}]},{\"@type\":\"ImageObject\",\"inLanguage\":\"pt-PT\",\"@id\":\"https:\\\/\\\/www.repscan.com\\\/pt-pt\\\/blog\\\/#primaryimage\",\"url\":\"https:\\\/\\\/www.repscan.com\\\/wp-content\\\/uploads\\\/2023\\\/03\\\/videos-robados-webcammers-23-e1741853430332.jpg\",\"contentUrl\":\"https:\\\/\\\/www.repscan.com\\\/wp-content\\\/uploads\\\/2023\\\/03\\\/videos-robados-webcammers-23-e1741853430332.jpg\"},{\"@type\":\"BreadcrumbList\",\"@id\":\"https:\\\/\\\/www.repscan.com\\\/pt-pt\\\/blog\\\/#breadcrumb\",\"itemListElement\":[{\"@type\":\"ListItem\",\"position\":1,\"name\":\"Home\",\"item\":\"https:\\\/\\\/www.repscan.com\\\/pt-pt\\\/\"},{\"@type\":\"ListItem\",\"position\":2,\"name\":\"[1] Blog | Reputa\u00e7\u00e3o digital online\"}]},{\"@type\":\"WebSite\",\"@id\":\"https:\\\/\\\/www.repscan.com\\\/pt-pt\\\/#website\",\"url\":\"https:\\\/\\\/www.repscan.com\\\/pt-pt\\\/\",\"name\":\"RepScan\",\"description\":\"Plataforma de Reputaci\u00f3n Digital\",\"publisher\":{\"@id\":\"https:\\\/\\\/www.repscan.com\\\/pt-pt\\\/#organization\"},\"potentialAction\":[{\"@type\":\"SearchAction\",\"target\":{\"@type\":\"EntryPoint\",\"urlTemplate\":\"https:\\\/\\\/www.repscan.com\\\/pt-pt\\\/?s={search_term_string}\"},\"query-input\":{\"@type\":\"PropertyValueSpecification\",\"valueRequired\":true,\"valueName\":\"search_term_string\"}}],\"inLanguage\":\"pt-PT\"},{\"@type\":\"Organization\",\"@id\":\"https:\\\/\\\/www.repscan.com\\\/pt-pt\\\/#organization\",\"name\":\"RepScan\",\"url\":\"https:\\\/\\\/www.repscan.com\\\/pt-pt\\\/\",\"logo\":{\"@type\":\"ImageObject\",\"inLanguage\":\"pt-PT\",\"@id\":\"https:\\\/\\\/www.repscan.com\\\/pt-pt\\\/#\\\/schema\\\/logo\\\/image\\\/\",\"url\":\"https:\\\/\\\/www.repscan.com\\\/wp-content\\\/uploads\\\/2020\\\/07\\\/repscan_header_HQ.png\",\"contentUrl\":\"https:\\\/\\\/www.repscan.com\\\/wp-content\\\/uploads\\\/2020\\\/07\\\/repscan_header_HQ.png\",\"width\":550,\"height\":130,\"caption\":\"RepScan\"},\"image\":{\"@id\":\"https:\\\/\\\/www.repscan.com\\\/pt-pt\\\/#\\\/schema\\\/logo\\\/image\\\/\"}}]}<\/script>\n<!-- \/ Yoast SEO plugin. -->","yoast_head_json":{"title":"[1] Blog | Reputa\u00e7\u00e3o digital online | RepScan","description":"As melhores estrat\u00e9gias para melhorar a sua reputa\u00e7\u00e3o e eliminar conte\u00fados prejudiciais da internet","robots":{"index":"index","follow":"follow","max-snippet":"max-snippet:-1","max-image-preview":"max-image-preview:large","max-video-preview":"max-video-preview:-1"},"canonical":"https:\/\/www.repscan.com\/pt-pt\/blog\/","og_locale":"pt_PT","og_type":"article","og_title":"[1] Blog | Reputa\u00e7\u00e3o digital online | RepScan","og_description":"As melhores estrat\u00e9gias para melhorar a sua reputa\u00e7\u00e3o e eliminar conte\u00fados prejudiciais da internet","og_url":"https:\/\/www.repscan.com\/pt-pt\/blog\/","og_site_name":"RepScan","article_modified_time":"2026-05-15T11:53:20+00:00","og_image":[{"url":"https:\/\/www.repscan.com\/wp-content\/uploads\/2023\/03\/videos-robados-webcammers-23-e1741853430332.jpg","type":"","width":"","height":""}],"twitter_card":"summary_large_image","twitter_misc":{"Tempo estimado de leitura":"3 minutos"},"schema":{"@context":"https:\/\/schema.org","@graph":[{"@type":"WebPage","@id":"https:\/\/www.repscan.com\/pt-pt\/blog\/","url":"https:\/\/www.repscan.com\/pt-pt\/blog\/","name":"[1] Blog | Reputa\u00e7\u00e3o digital online | RepScan","isPartOf":{"@id":"https:\/\/www.repscan.com\/pt-pt\/#website"},"primaryImageOfPage":{"@id":"https:\/\/www.repscan.com\/pt-pt\/blog\/#primaryimage"},"image":{"@id":"https:\/\/www.repscan.com\/pt-pt\/blog\/#primaryimage"},"thumbnailUrl":"https:\/\/www.repscan.com\/wp-content\/uploads\/2023\/03\/videos-robados-webcammers-23-e1741853430332.jpg","datePublished":"2026-05-15T11:52:12+00:00","dateModified":"2026-05-15T11:53:20+00:00","description":"As melhores estrat\u00e9gias para melhorar a sua reputa\u00e7\u00e3o e eliminar conte\u00fados prejudiciais da internet","breadcrumb":{"@id":"https:\/\/www.repscan.com\/pt-pt\/blog\/#breadcrumb"},"inLanguage":"pt-PT","potentialAction":[{"@type":"ReadAction","target":["https:\/\/www.repscan.com\/pt-pt\/blog\/"]}]},{"@type":"ImageObject","inLanguage":"pt-PT","@id":"https:\/\/www.repscan.com\/pt-pt\/blog\/#primaryimage","url":"https:\/\/www.repscan.com\/wp-content\/uploads\/2023\/03\/videos-robados-webcammers-23-e1741853430332.jpg","contentUrl":"https:\/\/www.repscan.com\/wp-content\/uploads\/2023\/03\/videos-robados-webcammers-23-e1741853430332.jpg"},{"@type":"BreadcrumbList","@id":"https:\/\/www.repscan.com\/pt-pt\/blog\/#breadcrumb","itemListElement":[{"@type":"ListItem","position":1,"name":"Home","item":"https:\/\/www.repscan.com\/pt-pt\/"},{"@type":"ListItem","position":2,"name":"[1] Blog | Reputa\u00e7\u00e3o digital online"}]},{"@type":"WebSite","@id":"https:\/\/www.repscan.com\/pt-pt\/#website","url":"https:\/\/www.repscan.com\/pt-pt\/","name":"RepScan","description":"Plataforma de Reputaci\u00f3n Digital","publisher":{"@id":"https:\/\/www.repscan.com\/pt-pt\/#organization"},"potentialAction":[{"@type":"SearchAction","target":{"@type":"EntryPoint","urlTemplate":"https:\/\/www.repscan.com\/pt-pt\/?s={search_term_string}"},"query-input":{"@type":"PropertyValueSpecification","valueRequired":true,"valueName":"search_term_string"}}],"inLanguage":"pt-PT"},{"@type":"Organization","@id":"https:\/\/www.repscan.com\/pt-pt\/#organization","name":"RepScan","url":"https:\/\/www.repscan.com\/pt-pt\/","logo":{"@type":"ImageObject","inLanguage":"pt-PT","@id":"https:\/\/www.repscan.com\/pt-pt\/#\/schema\/logo\/image\/","url":"https:\/\/www.repscan.com\/wp-content\/uploads\/2020\/07\/repscan_header_HQ.png","contentUrl":"https:\/\/www.repscan.com\/wp-content\/uploads\/2020\/07\/repscan_header_HQ.png","width":550,"height":130,"caption":"RepScan"},"image":{"@id":"https:\/\/www.repscan.com\/pt-pt\/#\/schema\/logo\/image\/"}}]}},"_links":{"self":[{"href":"https:\/\/www.repscan.com\/pt-pt\/wp-json\/wp\/v2\/pages\/54487","targetHints":{"allow":["GET"]}}],"collection":[{"href":"https:\/\/www.repscan.com\/pt-pt\/wp-json\/wp\/v2\/pages"}],"about":[{"href":"https:\/\/www.repscan.com\/pt-pt\/wp-json\/wp\/v2\/types\/page"}],"author":[{"embeddable":true,"href":"https:\/\/www.repscan.com\/pt-pt\/wp-json\/wp\/v2\/users\/29"}],"replies":[{"embeddable":true,"href":"https:\/\/www.repscan.com\/pt-pt\/wp-json\/wp\/v2\/comments?post=54487"}],"version-history":[{"count":2,"href":"https:\/\/www.repscan.com\/pt-pt\/wp-json\/wp\/v2\/pages\/54487\/revisions"}],"predecessor-version":[{"id":54489,"href":"https:\/\/www.repscan.com\/pt-pt\/wp-json\/wp\/v2\/pages\/54487\/revisions\/54489"}],"wp:attachment":[{"href":"https:\/\/www.repscan.com\/pt-pt\/wp-json\/wp\/v2\/media?parent=54487"}],"curies":[{"name":"wp","href":"https:\/\/api.w.org\/{rel}","templated":true}]}}