{"id":36791,"date":"2025-06-19T15:58:11","date_gmt":"2025-06-19T13:58:11","guid":{"rendered":"https:\/\/www.repscan.com\/?page_id=36791"},"modified":"2025-10-07T14:30:33","modified_gmt":"2025-10-07T12:30:33","slug":"gracias-datos-web-eshop","status":"publish","type":"page","link":"https:\/\/www.repscan.com\/es\/gracias-datos-web-eshop\/","title":{"rendered":"p\u00e1gina de gracias eshop &#8211;  Datos personales- website"},"content":{"rendered":"\t\t<div data-elementor-type=\"wp-page\" data-elementor-id=\"36791\" class=\"elementor elementor-36791\" data-elementor-post-type=\"page\">\n\t\t\t\t\t\t<section data-particle_enable=\"false\" data-particle-mobile-disabled=\"false\" class=\"elementor-section elementor-top-section elementor-element elementor-element-a7f18f6 elementor-section-boxed elementor-section-height-default elementor-section-height-default\" data-id=\"a7f18f6\" data-element_type=\"section\" data-e-type=\"section\">\n\t\t\t\t\t\t<div class=\"elementor-container elementor-column-gap-default\">\n\t\t\t\t\t<div class=\"elementor-column elementor-col-100 elementor-top-column elementor-element elementor-element-1335a75\" data-id=\"1335a75\" data-element_type=\"column\" data-e-type=\"column\">\n\t\t\t<div class=\"elementor-widget-wrap elementor-element-populated\">\n\t\t\t\t\t\t<section data-particle_enable=\"false\" data-particle-mobile-disabled=\"false\" class=\"elementor-section elementor-inner-section elementor-element elementor-element-9022beb elementor-section-boxed elementor-section-height-default elementor-section-height-default\" data-id=\"9022beb\" data-element_type=\"section\" data-e-type=\"section\">\n\t\t\t\t\t\t<div class=\"elementor-container elementor-column-gap-default\">\n\t\t\t\t\t<div class=\"elementor-column elementor-col-50 elementor-inner-column elementor-element elementor-element-38dcc91\" data-id=\"38dcc91\" data-element_type=\"column\" data-e-type=\"column\">\n\t\t\t<div class=\"elementor-widget-wrap elementor-element-populated\">\n\t\t\t\t\t\t<div class=\"elementor-element elementor-element-ef7763c elementor-widget elementor-widget-html\" data-id=\"ef7763c\" data-element_type=\"widget\" data-e-type=\"widget\" data-widget_type=\"html.default\">\n\t\t\t\t<div class=\"elementor-widget-container\">\n\t\t\t\t\t<script src=\"https:\/\/unpkg.com\/@dotlottie\/player-component@2.7.12\/dist\/dotlottie-player.mjs\" type=\"module\"><\/script>\r\n<dotlottie-player src=\"https:\/\/lottie.host\/a2c15770-3bc3-48db-9190-55c2f7e38c7e\/xfpVgkmS0B.lottie\" background=\"transparent\" speed=\"1\" style=\"width: 150px; height: 150px\" loop autoplay><\/dotlottie-player>\t\t\t\t<\/div>\n\t\t\t\t<\/div>\n\t\t\t\t\t<\/div>\n\t\t<\/div>\n\t\t\t\t<div class=\"elementor-column elementor-col-50 elementor-inner-column elementor-element elementor-element-49a65b2\" data-id=\"49a65b2\" data-element_type=\"column\" data-e-type=\"column\">\n\t\t\t<div class=\"elementor-widget-wrap elementor-element-populated\">\n\t\t\t\t\t\t<div class=\"elementor-element elementor-element-3b8ba0b elementor-widget elementor-widget-heading\" data-id=\"3b8ba0b\" data-element_type=\"widget\" data-e-type=\"widget\" data-widget_type=\"heading.default\">\n\t\t\t\t<div class=\"elementor-widget-container\">\n\t\t\t\t\t<h1 class=\"elementor-heading-title elementor-size-default\">Est\u00e1s a un solo paso de eliminar ese contenido negativo<\/h1>\t\t\t\t<\/div>\n\t\t\t\t<\/div>\n\t\t\t\t<div class=\"elementor-element elementor-element-c624f92 elementor-widget elementor-widget-text-editor\" data-id=\"c624f92\" data-element_type=\"widget\" data-e-type=\"widget\" data-widget_type=\"text-editor.default\">\n\t\t\t\t<div class=\"elementor-widget-container\">\n\t\t\t\t\t\t\t\t\t<p>Has iniciado el proceso para borrar lo que nunca deber\u00eda haberse publicado. Ahora solo queda un \u00faltimo paso.<\/p>\t\t\t\t\t\t\t\t<\/div>\n\t\t\t\t<\/div>\n\t\t\t\t\t<\/div>\n\t\t<\/div>\n\t\t\t\t\t<\/div>\n\t\t<\/section>\n\t\t\t\t<div class=\"elementor-element elementor-element-39e3756 elementor-widget-divider--view-line elementor-widget elementor-widget-divider\" data-id=\"39e3756\" data-element_type=\"widget\" data-e-type=\"widget\" data-widget_type=\"divider.default\">\n\t\t\t\t<div class=\"elementor-widget-container\">\n\t\t\t\t\t\t\t<div class=\"elementor-divider\">\n\t\t\t<span class=\"elementor-divider-separator\">\n\t\t\t\t\t\t<\/span>\n\t\t<\/div>\n\t\t\t\t\t\t<\/div>\n\t\t\t\t<\/div>\n\t\t\t\t<div class=\"elementor-element elementor-element-77503e9 elementor-widget elementor-widget-heading\" data-id=\"77503e9\" data-element_type=\"widget\" data-e-type=\"widget\" data-widget_type=\"heading.default\">\n\t\t\t\t<div class=\"elementor-widget-container\">\n\t\t\t\t\t<h2 class=\"elementor-heading-title elementor-size-default\">\u00bfQu\u00e9 necesitamos ahora?\n<\/h2>\t\t\t\t<\/div>\n\t\t\t\t<\/div>\n\t\t\t\t<div class=\"elementor-element elementor-element-38ce0bd elementor-widget elementor-widget-text-editor\" data-id=\"38ce0bd\" data-element_type=\"widget\" data-e-type=\"widget\" data-widget_type=\"text-editor.default\">\n\t\t\t\t<div class=\"elementor-widget-container\">\n\t\t\t\t\t\t\t\t\t<p data-start=\"387\" data-end=\"488\">Cu\u00e9ntanos qu\u00e9 quieres eliminar. Justo debajo tienes el formulario para enviarnos toda la informaci\u00f3n.<\/p>\t\t\t\t\t\t\t\t<\/div>\n\t\t\t\t<\/div>\n\t\t\t\t<div class=\"elementor-element elementor-element-0e82ed9 elementor-widget elementor-widget-html\" data-id=\"0e82ed9\" data-element_type=\"widget\" data-e-type=\"widget\" data-widget_type=\"html.default\">\n\t\t\t\t<div class=\"elementor-widget-container\">\n\t\t\t\t\t<iframe aria-label='Datos necesarios. Eliminar datos personales o website' frameborder=\"0\" style=\"height:800px;width:99%;border:none;border-radius:30px;\" src='https:\/\/forms.zohopublic.eu\/repscan\/form\/DatosnecesariosEliminardtospersonalesowebsite\/formperma\/8NOLPMSidTiofB6nkqqOQ5NeaOb_s6rz_bT75qqwv2s'><\/iframe>\t\t\t\t<\/div>\n\t\t\t\t<\/div>\n\t\t\t\t<div class=\"elementor-element elementor-element-be8d5f0 elementor-widget elementor-widget-heading\" data-id=\"be8d5f0\" data-element_type=\"widget\" data-e-type=\"widget\" data-widget_type=\"heading.default\">\n\t\t\t\t<div class=\"elementor-widget-container\">\n\t\t\t\t\t<h2 class=\"elementor-heading-title elementor-size-default\">Revisa tu bandeja de entrada\n<\/h2>\t\t\t\t<\/div>\n\t\t\t\t<\/div>\n\t\t\t\t<div class=\"elementor-element elementor-element-e1dbc49 elementor-widget elementor-widget-text-editor\" data-id=\"e1dbc49\" data-element_type=\"widget\" data-e-type=\"widget\" data-widget_type=\"text-editor.default\">\n\t\t\t\t<div class=\"elementor-widget-container\">\n\t\t\t\t\t\t\t\t\t<p data-start=\"387\" data-end=\"488\">\u00a0Ah\u00ed encontrar\u00e1s el resumen de tu pedido y el enlace al formulario, por si quieres completarlo m\u00e1s tarde.<\/p>\t\t\t\t\t\t\t\t<\/div>\n\t\t\t\t<\/div>\n\t\t\t\t\t<\/div>\n\t\t<\/div>\n\t\t\t\t\t<\/div>\n\t\t<\/section>\n\t\t\t\t<section data-particle_enable=\"false\" data-particle-mobile-disabled=\"false\" class=\"elementor-section elementor-top-section elementor-element elementor-element-762c1ad elementor-section-boxed elementor-section-height-default elementor-section-height-default\" data-id=\"762c1ad\" data-element_type=\"section\" data-e-type=\"section\">\n\t\t\t\t\t\t<div class=\"elementor-container elementor-column-gap-default\">\n\t\t\t\t\t<div class=\"elementor-column elementor-col-100 elementor-top-column elementor-element elementor-element-54c3dae\" data-id=\"54c3dae\" data-element_type=\"column\" data-e-type=\"column\">\n\t\t\t<div class=\"elementor-widget-wrap elementor-element-populated\">\n\t\t\t\t\t\t<div class=\"elementor-element elementor-element-685a8a1 elementor-widget elementor-widget-html\" data-id=\"685a8a1\" data-element_type=\"widget\" data-e-type=\"widget\" data-widget_type=\"html.default\">\n\t\t\t\t<div class=\"elementor-widget-container\">\n\t\t\t\t\t<style>\nh1.entry-title {display:none}\n<\/style>\t\t\t\t<\/div>\n\t\t\t\t<\/div>\n\t\t\t\t<div class=\"elementor-element elementor-element-cbb818d elementor-widget elementor-widget-html\" data-id=\"cbb818d\" data-element_type=\"widget\" data-e-type=\"widget\" data-widget_type=\"html.default\">\n\t\t\t\t<div class=\"elementor-widget-container\">\n\t\t\t\t\t<script>\r\nwindow.dataLayer = window.dataLayer || [];\r\nwindow.dataLayer.push({\r\n  event: \"purchase_eshop\"\r\n});\r\n<\/script>\t\t\t\t<\/div>\n\t\t\t\t<\/div>\n\t\t\t\t\t<\/div>\n\t\t<\/div>\n\t\t\t\t\t<\/div>\n\t\t<\/section>\n\t\t\t\t<\/div>\n\t\t","protected":false},"excerpt":{"rendered":"","protected":false},"author":29,"featured_media":0,"parent":0,"menu_order":0,"comment_status":"closed","ping_status":"closed","template":"","meta":{"_mbp_gutenberg_autopost":false,"footnotes":""},"class_list":{"0":"post-36791","1":"page","2":"type-page","3":"status-publish","5":"infinite-scroll-item"},"yoast_head":"<!-- This site is optimized with the Yoast SEO plugin v27.5 - https:\/\/yoast.com\/product\/yoast-seo-wordpress\/ -->\n<title>Solo queda un paso | RepScan.com<\/title>\n<meta name=\"description\" content=\"Rellena el formulario para que el equipo legal pueda empezar a trabajar en la eliminaci\u00f3n de tu contenido negativo y limpiar tu reputaci\u00f3n\" \/>\n<meta name=\"robots\" content=\"index, follow, max-snippet:-1, max-image-preview:large, max-video-preview:-1\" \/>\n<link rel=\"canonical\" href=\"https:\/\/www.repscan.com\/es\/gracias-datos-web-eshop\/\" \/>\n<meta property=\"og:locale\" content=\"es_ES\" \/>\n<meta property=\"og:type\" content=\"article\" \/>\n<meta property=\"og:title\" content=\"Solo queda un paso | RepScan.com\" \/>\n<meta property=\"og:description\" content=\"Rellena el formulario para que el equipo legal pueda empezar a trabajar en la eliminaci\u00f3n de tu contenido negativo y limpiar tu reputaci\u00f3n\" \/>\n<meta property=\"og:url\" content=\"https:\/\/www.repscan.com\/es\/gracias-datos-web-eshop\/\" \/>\n<meta property=\"og:site_name\" content=\"RepScan\" \/>\n<meta property=\"article:modified_time\" content=\"2025-10-07T12:30:33+00:00\" \/>\n<meta name=\"twitter:card\" content=\"summary_large_image\" \/>\n<meta name=\"twitter:label1\" content=\"Tiempo de lectura\" \/>\n\t<meta name=\"twitter:data1\" content=\"1 minuto\" \/>\n<script type=\"application\/ld+json\" class=\"yoast-schema-graph\">{\"@context\":\"https:\\\/\\\/schema.org\",\"@graph\":[{\"@type\":\"WebPage\",\"@id\":\"https:\\\/\\\/www.repscan.com\\\/es\\\/gracias-datos-web-eshop\\\/\",\"url\":\"https:\\\/\\\/www.repscan.com\\\/es\\\/gracias-datos-web-eshop\\\/\",\"name\":\"Solo queda un paso | RepScan.com\",\"isPartOf\":{\"@id\":\"https:\\\/\\\/www.repscan.com\\\/es\\\/#website\"},\"datePublished\":\"2025-06-19T13:58:11+00:00\",\"dateModified\":\"2025-10-07T12:30:33+00:00\",\"description\":\"Rellena el formulario para que el equipo legal pueda empezar a trabajar en la eliminaci\u00f3n de tu contenido negativo y limpiar tu reputaci\u00f3n\",\"breadcrumb\":{\"@id\":\"https:\\\/\\\/www.repscan.com\\\/es\\\/gracias-datos-web-eshop\\\/#breadcrumb\"},\"inLanguage\":\"es\",\"potentialAction\":[{\"@type\":\"ReadAction\",\"target\":[\"https:\\\/\\\/www.repscan.com\\\/es\\\/gracias-datos-web-eshop\\\/\"]}]},{\"@type\":\"BreadcrumbList\",\"@id\":\"https:\\\/\\\/www.repscan.com\\\/es\\\/gracias-datos-web-eshop\\\/#breadcrumb\",\"itemListElement\":[{\"@type\":\"ListItem\",\"position\":1,\"name\":\"Home\",\"item\":\"https:\\\/\\\/www.repscan.com\\\/es\\\/\"},{\"@type\":\"ListItem\",\"position\":2,\"name\":\"p\u00e1gina de gracias eshop &#8211; Datos personales- website\"}]},{\"@type\":\"WebSite\",\"@id\":\"https:\\\/\\\/www.repscan.com\\\/es\\\/#website\",\"url\":\"https:\\\/\\\/www.repscan.com\\\/es\\\/\",\"name\":\"RepScan\",\"description\":\"Plataforma de Reputaci\u00f3n Digital\",\"publisher\":{\"@id\":\"https:\\\/\\\/www.repscan.com\\\/es\\\/#organization\"},\"potentialAction\":[{\"@type\":\"SearchAction\",\"target\":{\"@type\":\"EntryPoint\",\"urlTemplate\":\"https:\\\/\\\/www.repscan.com\\\/es\\\/?s={search_term_string}\"},\"query-input\":{\"@type\":\"PropertyValueSpecification\",\"valueRequired\":true,\"valueName\":\"search_term_string\"}}],\"inLanguage\":\"es\"},{\"@type\":\"Organization\",\"@id\":\"https:\\\/\\\/www.repscan.com\\\/es\\\/#organization\",\"name\":\"RepScan\",\"url\":\"https:\\\/\\\/www.repscan.com\\\/es\\\/\",\"logo\":{\"@type\":\"ImageObject\",\"inLanguage\":\"es\",\"@id\":\"https:\\\/\\\/www.repscan.com\\\/es\\\/#\\\/schema\\\/logo\\\/image\\\/\",\"url\":\"https:\\\/\\\/www.repscan.com\\\/wp-content\\\/uploads\\\/2020\\\/07\\\/repscan_header_HQ.png\",\"contentUrl\":\"https:\\\/\\\/www.repscan.com\\\/wp-content\\\/uploads\\\/2020\\\/07\\\/repscan_header_HQ.png\",\"width\":550,\"height\":130,\"caption\":\"RepScan\"},\"image\":{\"@id\":\"https:\\\/\\\/www.repscan.com\\\/es\\\/#\\\/schema\\\/logo\\\/image\\\/\"}}]}<\/script>\n<!-- \/ Yoast SEO plugin. -->","yoast_head_json":{"title":"Solo queda un paso | RepScan.com","description":"Rellena el formulario para que el equipo legal pueda empezar a trabajar en la eliminaci\u00f3n de tu contenido negativo y limpiar tu reputaci\u00f3n","robots":{"index":"index","follow":"follow","max-snippet":"max-snippet:-1","max-image-preview":"max-image-preview:large","max-video-preview":"max-video-preview:-1"},"canonical":"https:\/\/www.repscan.com\/es\/gracias-datos-web-eshop\/","og_locale":"es_ES","og_type":"article","og_title":"Solo queda un paso | RepScan.com","og_description":"Rellena el formulario para que el equipo legal pueda empezar a trabajar en la eliminaci\u00f3n de tu contenido negativo y limpiar tu reputaci\u00f3n","og_url":"https:\/\/www.repscan.com\/es\/gracias-datos-web-eshop\/","og_site_name":"RepScan","article_modified_time":"2025-10-07T12:30:33+00:00","twitter_card":"summary_large_image","twitter_misc":{"Tiempo de lectura":"1 minuto"},"schema":{"@context":"https:\/\/schema.org","@graph":[{"@type":"WebPage","@id":"https:\/\/www.repscan.com\/es\/gracias-datos-web-eshop\/","url":"https:\/\/www.repscan.com\/es\/gracias-datos-web-eshop\/","name":"Solo queda un paso | RepScan.com","isPartOf":{"@id":"https:\/\/www.repscan.com\/es\/#website"},"datePublished":"2025-06-19T13:58:11+00:00","dateModified":"2025-10-07T12:30:33+00:00","description":"Rellena el formulario para que el equipo legal pueda empezar a trabajar en la eliminaci\u00f3n de tu contenido negativo y limpiar tu reputaci\u00f3n","breadcrumb":{"@id":"https:\/\/www.repscan.com\/es\/gracias-datos-web-eshop\/#breadcrumb"},"inLanguage":"es","potentialAction":[{"@type":"ReadAction","target":["https:\/\/www.repscan.com\/es\/gracias-datos-web-eshop\/"]}]},{"@type":"BreadcrumbList","@id":"https:\/\/www.repscan.com\/es\/gracias-datos-web-eshop\/#breadcrumb","itemListElement":[{"@type":"ListItem","position":1,"name":"Home","item":"https:\/\/www.repscan.com\/es\/"},{"@type":"ListItem","position":2,"name":"p\u00e1gina de gracias eshop &#8211; Datos personales- website"}]},{"@type":"WebSite","@id":"https:\/\/www.repscan.com\/es\/#website","url":"https:\/\/www.repscan.com\/es\/","name":"RepScan","description":"Plataforma de Reputaci\u00f3n Digital","publisher":{"@id":"https:\/\/www.repscan.com\/es\/#organization"},"potentialAction":[{"@type":"SearchAction","target":{"@type":"EntryPoint","urlTemplate":"https:\/\/www.repscan.com\/es\/?s={search_term_string}"},"query-input":{"@type":"PropertyValueSpecification","valueRequired":true,"valueName":"search_term_string"}}],"inLanguage":"es"},{"@type":"Organization","@id":"https:\/\/www.repscan.com\/es\/#organization","name":"RepScan","url":"https:\/\/www.repscan.com\/es\/","logo":{"@type":"ImageObject","inLanguage":"es","@id":"https:\/\/www.repscan.com\/es\/#\/schema\/logo\/image\/","url":"https:\/\/www.repscan.com\/wp-content\/uploads\/2020\/07\/repscan_header_HQ.png","contentUrl":"https:\/\/www.repscan.com\/wp-content\/uploads\/2020\/07\/repscan_header_HQ.png","width":550,"height":130,"caption":"RepScan"},"image":{"@id":"https:\/\/www.repscan.com\/es\/#\/schema\/logo\/image\/"}}]}},"_links":{"self":[{"href":"https:\/\/www.repscan.com\/es\/wp-json\/wp\/v2\/pages\/36791","targetHints":{"allow":["GET"]}}],"collection":[{"href":"https:\/\/www.repscan.com\/es\/wp-json\/wp\/v2\/pages"}],"about":[{"href":"https:\/\/www.repscan.com\/es\/wp-json\/wp\/v2\/types\/page"}],"author":[{"embeddable":true,"href":"https:\/\/www.repscan.com\/es\/wp-json\/wp\/v2\/users\/29"}],"replies":[{"embeddable":true,"href":"https:\/\/www.repscan.com\/es\/wp-json\/wp\/v2\/comments?post=36791"}],"version-history":[{"count":0,"href":"https:\/\/www.repscan.com\/es\/wp-json\/wp\/v2\/pages\/36791\/revisions"}],"wp:attachment":[{"href":"https:\/\/www.repscan.com\/es\/wp-json\/wp\/v2\/media?parent=36791"}],"curies":[{"name":"wp","href":"https:\/\/api.w.org\/{rel}","templated":true}]}}